{"id":330,"date":"2021-02-19T08:17:38","date_gmt":"2021-02-19T07:17:38","guid":{"rendered":"https:\/\/rdv.raimbault.notaires.fr\/rairdv\/?page_id=330"},"modified":"2025-09-11T14:47:36","modified_gmt":"2025-09-11T12:47:36","slug":"accueil-2","status":"publish","type":"page","link":"https:\/\/rdv.raimbault.notaires.fr\/rairdv\/","title":{"rendered":"Maitre Raimbault, votre notaire \u00e0 Aiffres"},"content":{"rendered":"<p>[et_pb_section fb_built=\u00a0\u00bb1&Prime; custom_padding_last_edited=\u00a0\u00bbon|phone\u00a0\u00bb admin_label=\u00a0\u00bbsection\u00a0\u00bb _builder_version=\u00a0\u00bb4.16&Prime; use_background_color_gradient=\u00a0\u00bbon\u00a0\u00bb background_color_gradient_stops=\u00a0\u00bb#344d6c 0%|#344d6c 100%\u00a0\u00bb background_color_gradient_overlays_image=\u00a0\u00bbon\u00a0\u00bb background_color_gradient_start=\u00a0\u00bb#344d6c\u00a0\u00bb background_color_gradient_end=\u00a0\u00bb#344d6c\u00a0\u00bb background_image=\u00a0\u00bbhttps:\/\/rdv.raimbault.notaires.fr\/rairdv\/wp-content\/uploads\/2021\/03\/20210301_115416.png\u00a0\u00bb custom_padding=\u00a0\u00bb85px||85px||true|false\u00a0\u00bb custom_padding_tablet=\u00a0\u00bb\u00a0\u00bb custom_padding_phone=\u00a0\u00bb120px||120px||true|false\u00a0\u00bb global_colors_info=\u00a0\u00bb{}\u00a0\u00bb][et_pb_row use_custom_gutter=\u00a0\u00bbon\u00a0\u00bb gutter_width=\u00a0\u00bb2&Prime; make_equal=\u00a0\u00bbon\u00a0\u00bb admin_label=\u00a0\u00bbrow\u00a0\u00bb _builder_version=\u00a0\u00bb4.16&Prime; background_size=\u00a0\u00bbinitial\u00a0\u00bb background_position=\u00a0\u00bbtop_left\u00a0\u00bb background_repeat=\u00a0\u00bbrepeat\u00a0\u00bb width=\u00a0\u00bb90%\u00a0\u00bb width_tablet=\u00a0\u00bb90%\u00a0\u00bb width_phone=\u00a0\u00bb90%\u00a0\u00bb width_last_edited=\u00a0\u00bbon|tablet\u00a0\u00bb max_width=\u00a0\u00bb1240px\u00a0\u00bb max_width_tablet=\u00a0\u00bb90%\u00a0\u00bb max_width_phone=\u00a0\u00bb90%\u00a0\u00bb max_width_last_edited=\u00a0\u00bbon|desktop\u00a0\u00bb custom_padding=\u00a0\u00bb6px||100px||false|false\u00a0\u00bb animation_style=\u00a0\u00bbslide\u00a0\u00bb animation_direction=\u00a0\u00bbtop\u00a0\u00bb global_colors_info=\u00a0\u00bb{}\u00a0\u00bb][et_pb_column type=\u00a0\u00bb4_4&Prime; _builder_version=\u00a0\u00bb4.16&Prime; custom_padding=\u00a0\u00bb|||\u00a0\u00bb global_colors_info=\u00a0\u00bb{}\u00a0\u00bb custom_padding__hover=\u00a0\u00bb|||\u00a0\u00bb][et_pb_text _builder_version=\u00a0\u00bb4.16&Prime; header_font=\u00a0\u00bbPoppins|700|||||||\u00a0\u00bb header_text_align=\u00a0\u00bbcenter\u00a0\u00bb header_text_color=\u00a0\u00bb#ffffff\u00a0\u00bb header_font_size=\u00a0\u00bb50px\u00a0\u00bb header_letter_spacing=\u00a0\u00bb-1px\u00a0\u00bb header_line_height=\u00a0\u00bb1.3em\u00a0\u00bb header_font_size_tablet=\u00a0\u00bb\u00a0\u00bb header_font_size_phone=\u00a0\u00bb30px\u00a0\u00bb header_font_size_last_edited=\u00a0\u00bbon|phone\u00a0\u00bb header_letter_spacing_tablet=\u00a0\u00bb\u00a0\u00bb header_letter_spacing_phone=\u00a0\u00bb0px\u00a0\u00bb header_letter_spacing_last_edited=\u00a0\u00bbon|phone\u00a0\u00bb global_colors_info=\u00a0\u00bb{}\u00a0\u00bb]<\/p>\n<h1>Ma\u00eetre Quentin Raimbault<\/h1>\n<p>[\/et_pb_text][\/et_pb_column][\/et_pb_row][\/et_pb_section][et_pb_section fb_built=\u00a0\u00bb1&Prime; custom_padding_last_edited=\u00a0\u00bbon|phone\u00a0\u00bb admin_label=\u00a0\u00bbsection\u00a0\u00bb _builder_version=\u00a0\u00bb4.16&Prime; background_color=\u00a0\u00bb#344d6c\u00a0\u00bb custom_padding=\u00a0\u00bb1px||4px||false|false\u00a0\u00bb custom_padding_tablet=\u00a0\u00bb||0px||false|false\u00a0\u00bb custom_padding_phone=\u00a0\u00bb1px||0px||false|false\u00a0\u00bb global_colors_info=\u00a0\u00bb{}\u00a0\u00bb][et_pb_row column_structure=\u00a0\u00bb1_3,1_3,1_3&Prime; use_custom_gutter=\u00a0\u00bbon\u00a0\u00bb gutter_width=\u00a0\u00bb2&Prime; make_equal=\u00a0\u00bbon\u00a0\u00bb custom_padding_last_edited=\u00a0\u00bbon|phone\u00a0\u00bb admin_label=\u00a0\u00bbrow\u00a0\u00bb _builder_version=\u00a0\u00bb4.16&Prime; background_image=\u00a0\u00bbhttps:\/\/rdv.raimbault.notaires.fr\/rairdv\/wp-content\/uploads\/2021\/02\/Consulting-210-1.jpg\u00a0\u00bb background_repeat=\u00a0\u00bbrepeat\u00a0\u00bb z_index=\u00a0\u00bb199&Prime; width=\u00a0\u00bb90%\u00a0\u00bb width_tablet=\u00a0\u00bb90%\u00a0\u00bb width_phone=\u00a0\u00bb90%\u00a0\u00bb width_last_edited=\u00a0\u00bbon|tablet\u00a0\u00bb max_width=\u00a0\u00bb1240px\u00a0\u00bb max_width_tablet=\u00a0\u00bb90%\u00a0\u00bb max_width_phone=\u00a0\u00bb90%\u00a0\u00bb max_width_last_edited=\u00a0\u00bbon|desktop\u00a0\u00bb custom_margin=\u00a0\u00bb-100px||||false|false\u00a0\u00bb custom_padding=\u00a0\u00bb29px|70px|29px|70px|true|true\u00a0\u00bb custom_padding_tablet=\u00a0\u00bb|30px||30px|true|true\u00a0\u00bb custom_padding_phone=\u00a0\u00bb40px|30px|40px|30px|true|true\u00a0\u00bb animation_style=\u00a0\u00bbslide\u00a0\u00bb animation_direction=\u00a0\u00bbbottom\u00a0\u00bb border_radii=\u00a0\u00bbon|8px|8px|8px|8px\u00a0\u00bb box_shadow_style=\u00a0\u00bbpreset1&Prime; box_shadow_vertical=\u00a0\u00bb20px\u00a0\u00bb box_shadow_blur=\u00a0\u00bb49px\u00a0\u00bb box_shadow_color=\u00a0\u00bbrgba(168,168,168,0.3)\u00a0\u00bb global_colors_info=\u00a0\u00bb{}\u00a0\u00bb][et_pb_column type=\u00a0\u00bb1_3&Prime; _builder_version=\u00a0\u00bb4.16&Prime; custom_padding=\u00a0\u00bb85px||||false|false\u00a0\u00bb custom_padding_tablet=\u00a0\u00bb85px|||0px|false|false\u00a0\u00bb custom_padding_phone=\u00a0\u00bb40px|||0px|false|false\u00a0\u00bb custom_padding_last_edited=\u00a0\u00bbon|tablet\u00a0\u00bb global_colors_info=\u00a0\u00bb{}\u00a0\u00bb custom_padding__hover=\u00a0\u00bb|||\u00a0\u00bb][et_pb_blurb title=\u00a0\u00bbPr\u00e9parer mon RDV\u00a0\u00bb url=\u00a0\u00bbhttps:\/\/rdv.raimbault.notaires.fr\/rairdv\/contact-notaire\/\u00a0\u00bb use_icon=\u00a0\u00bbon\u00a0\u00bb font_icon=\u00a0\u00bb&#xf044;||fa||400&Prime; image_icon_background_color=\u00a0\u00bbRGBA(0,0,0,0)\u00a0\u00bb image_icon_width=\u00a0\u00bb60px\u00a0\u00bb _builder_version=\u00a0\u00bb4.27.4&Prime; _module_preset=\u00a0\u00bbdefault\u00a0\u00bb header_font=\u00a0\u00bbPoppins|700|||||||\u00a0\u00bb header_text_align=\u00a0\u00bbcenter\u00a0\u00bb header_text_color=\u00a0\u00bb#344d6c\u00a0\u00bb header_font_size=\u00a0\u00bb25px\u00a0\u00bb header_line_height=\u00a0\u00bb1.2em\u00a0\u00bb image_icon_custom_padding=\u00a0\u00bb25px|25px|25px|25px|false|false\u00a0\u00bb custom_margin=\u00a0\u00bb-80px||||false|false\u00a0\u00bb link_option_url=\u00a0\u00bbhttps:\/\/rdv.raimbault.notaires.fr\/rairdv\/contact-notaire\/\u00a0\u00bb hover_enabled=\u00a0\u00bb0&Prime; border_radii_image=\u00a0\u00bbon|100%|100%|100%|100%\u00a0\u00bb border_width_all_image=\u00a0\u00bb3px\u00a0\u00bb border_color_all_image=\u00a0\u00bb#bba07a\u00a0\u00bb icon_font_size=\u00a0\u00bb60px\u00a0\u00bb use_circle=\u00a0\u00bbon\u00a0\u00bb use_circle_border=\u00a0\u00bbon\u00a0\u00bb circle_border_color__hover=\u00a0\u00bb#344d6c\u00a0\u00bb circle_border_color__hover_enabled=\u00a0\u00bbon|hover\u00a0\u00bb circle_color=\u00a0\u00bbRGBA(0,0,0,0)\u00a0\u00bb global_colors_info=\u00a0\u00bb{}\u00a0\u00bb transform_styles__hover_enabled=\u00a0\u00bbon|hover\u00a0\u00bb transform_scale__hover=\u00a0\u00bb105%|105%\u00a0\u00bb transform_scale__hover_enabled=\u00a0\u00bbon|hover\u00a0\u00bb transform_translate__hover_enabled=\u00a0\u00bbon|desktop\u00a0\u00bb transform_rotate__hover_enabled=\u00a0\u00bbon|hover\u00a0\u00bb transform_skew__hover_enabled=\u00a0\u00bbon|desktop\u00a0\u00bb transform_origin__hover_enabled=\u00a0\u00bbon|desktop\u00a0\u00bb icon_color__hover_enabled=\u00a0\u00bbon|hover\u00a0\u00bb icon_color__hover=\u00a0\u00bb#344d6c\u00a0\u00bb border_color_all_image__hover=\u00a0\u00bb#344d6c\u00a0\u00bb border_color_all_image__hover_enabled=\u00a0\u00bbon|hover\u00a0\u00bb image_icon_background_color__sticky_enabled=\u00a0\u00bb#bba07a\u00a0\u00bb image_icon_background_color__sticky=\u00a0\u00bb#bba07a\u00a0\u00bb sticky_enabled=\u00a0\u00bb0&Prime;][\/et_pb_blurb][\/et_pb_column][et_pb_column type=\u00a0\u00bb1_3&Prime; _builder_version=\u00a0\u00bb4.16&Prime; custom_padding=\u00a0\u00bb85px||||false|false\u00a0\u00bb custom_padding_tablet=\u00a0\u00bb50px|||0px|false|false\u00a0\u00bb custom_padding_phone=\u00a0\u00bb40px|||0px|false|false\u00a0\u00bb custom_padding_last_edited=\u00a0\u00bbon|tablet\u00a0\u00bb global_colors_info=\u00a0\u00bb{}\u00a0\u00bb custom_padding__hover=\u00a0\u00bb|||\u00a0\u00bb][et_pb_blurb title=\u00a0\u00bbPrendre RDV\u00a0\u00bb url=\u00a0\u00bbhttps:\/\/vyte.in\/rendez-vous-raimbault-notaire-aiffres\/prise-de-contact\u00a0\u00bb url_new_window=\u00a0\u00bbon\u00a0\u00bb use_icon=\u00a0\u00bbon\u00a0\u00bb font_icon=\u00a0\u00bb&#xe023;||divi||400&Prime; image_icon_background_color=\u00a0\u00bbRGBA(0,0,0,0)\u00a0\u00bb image_icon_width=\u00a0\u00bb60px\u00a0\u00bb _builder_version=\u00a0\u00bb4.27.4&Prime; _module_preset=\u00a0\u00bbdefault\u00a0\u00bb header_font=\u00a0\u00bbPoppins|700|||||||\u00a0\u00bb header_text_align=\u00a0\u00bbcenter\u00a0\u00bb header_text_color=\u00a0\u00bb#344d6c\u00a0\u00bb header_font_size=\u00a0\u00bb25px\u00a0\u00bb header_line_height=\u00a0\u00bb1.2em\u00a0\u00bb image_icon_custom_padding=\u00a0\u00bb25px|25px|25px|25px|false|false\u00a0\u00bb custom_margin=\u00a0\u00bb-80px||||false|false\u00a0\u00bb link_option_url=\u00a0\u00bbhttps:\/\/vyte.in\/rendez-vous-raimbault-notaire-aiffres\/prise-de-contact\u00a0\u00bb link_option_url_new_window=\u00a0\u00bbon\u00a0\u00bb hover_enabled=\u00a0\u00bb0&Prime; border_radii_image=\u00a0\u00bbon|100%|100%|100%|100%\u00a0\u00bb border_width_all_image=\u00a0\u00bb3px\u00a0\u00bb border_color_all_image=\u00a0\u00bb#bba07a\u00a0\u00bb icon_font_size=\u00a0\u00bb60px\u00a0\u00bb use_circle=\u00a0\u00bbon\u00a0\u00bb use_circle_border=\u00a0\u00bbon\u00a0\u00bb circle_border_color__hover=\u00a0\u00bb#344d6c\u00a0\u00bb circle_border_color__hover_enabled=\u00a0\u00bbon|hover\u00a0\u00bb circle_color=\u00a0\u00bbRGBA(0,0,0,0)\u00a0\u00bb global_colors_info=\u00a0\u00bb{}\u00a0\u00bb transform_styles__hover_enabled=\u00a0\u00bbon|desktop\u00a0\u00bb transform_scale__hover=\u00a0\u00bb105%|105%\u00a0\u00bb transform_scale__hover_enabled=\u00a0\u00bbon|desktop\u00a0\u00bb transform_translate__hover_enabled=\u00a0\u00bbon|desktop\u00a0\u00bb transform_rotate__hover_enabled=\u00a0\u00bbon|desktop\u00a0\u00bb transform_skew__hover_enabled=\u00a0\u00bbon|desktop\u00a0\u00bb transform_origin__hover_enabled=\u00a0\u00bbon|desktop\u00a0\u00bb icon_color__hover=\u00a0\u00bb#344d6c\u00a0\u00bb icon_color__hover_enabled=\u00a0\u00bbon|hover\u00a0\u00bb border_color_all_image__hover=\u00a0\u00bb#344d6c\u00a0\u00bb border_color_all_image__hover_enabled=\u00a0\u00bbon|hover\u00a0\u00bb image_icon_background_color__sticky_enabled=\u00a0\u00bb#bba07a\u00a0\u00bb image_icon_background_color__sticky=\u00a0\u00bb#bba07a\u00a0\u00bb sticky_enabled=\u00a0\u00bb0&Prime;][\/et_pb_blurb][\/et_pb_column][et_pb_column type=\u00a0\u00bb1_3&Prime; _builder_version=\u00a0\u00bb4.16&Prime; custom_padding=\u00a0\u00bb85px||||false|false\u00a0\u00bb custom_padding_tablet=\u00a0\u00bb50px|||0px|false|false\u00a0\u00bb custom_padding_phone=\u00a0\u00bb40px|||0px|false|false\u00a0\u00bb custom_padding_last_edited=\u00a0\u00bbon|tablet\u00a0\u00bb global_colors_info=\u00a0\u00bb{}\u00a0\u00bb custom_padding__hover=\u00a0\u00bb|||\u00a0\u00bb][et_pb_blurb title=\u00a0\u00bbConsulter nos tarifs\u00a0\u00bb url=\u00a0\u00bbhttps:\/\/raimbault.notaires.fr\/tarifs-notaire-aiffres\/\u00a0\u00bb use_icon=\u00a0\u00bbon\u00a0\u00bb font_icon=\u00a0\u00bb&#xf249;||fa||400&Prime; image_icon_background_color=\u00a0\u00bbRGBA(0,0,0,0)\u00a0\u00bb image_icon_width=\u00a0\u00bb60px\u00a0\u00bb _builder_version=\u00a0\u00bb4.27.4&Prime; _module_preset=\u00a0\u00bbdefault\u00a0\u00bb header_font=\u00a0\u00bbPoppins|700|||||||\u00a0\u00bb header_text_align=\u00a0\u00bbcenter\u00a0\u00bb header_text_color=\u00a0\u00bb#344d6c\u00a0\u00bb header_font_size=\u00a0\u00bb25px\u00a0\u00bb header_line_height=\u00a0\u00bb1.2em\u00a0\u00bb image_icon_custom_padding=\u00a0\u00bb25px|25px|25px|25px|false|false\u00a0\u00bb custom_margin=\u00a0\u00bb-80px||||false|false\u00a0\u00bb link_option_url=\u00a0\u00bbhttps:\/\/raimbault.notaires.fr\/tarifs-notaire-aiffres\/\u00a0\u00bb hover_enabled=\u00a0\u00bb0&Prime; border_radii_image=\u00a0\u00bbon|100%|100%|100%|100%\u00a0\u00bb border_width_all_image=\u00a0\u00bb3px\u00a0\u00bb border_color_all_image=\u00a0\u00bb#bba07a\u00a0\u00bb icon_font_size=\u00a0\u00bb60px\u00a0\u00bb use_circle=\u00a0\u00bbon\u00a0\u00bb use_circle_border=\u00a0\u00bbon\u00a0\u00bb circle_border_color__hover=\u00a0\u00bb#344d6c\u00a0\u00bb circle_border_color__hover_enabled=\u00a0\u00bbon|hover\u00a0\u00bb circle_color=\u00a0\u00bbRGBA(0,0,0,0)\u00a0\u00bb global_colors_info=\u00a0\u00bb{}\u00a0\u00bb transform_styles__hover_enabled=\u00a0\u00bbon|desktop\u00a0\u00bb transform_scale__hover=\u00a0\u00bb105%|105%\u00a0\u00bb transform_scale__hover_enabled=\u00a0\u00bbon|desktop\u00a0\u00bb transform_translate__hover_enabled=\u00a0\u00bbon|desktop\u00a0\u00bb transform_rotate__hover_enabled=\u00a0\u00bbon|desktop\u00a0\u00bb transform_skew__hover_enabled=\u00a0\u00bbon|desktop\u00a0\u00bb transform_origin__hover_enabled=\u00a0\u00bbon|desktop\u00a0\u00bb icon_color__hover=\u00a0\u00bb#344d6c\u00a0\u00bb icon_color__hover_enabled=\u00a0\u00bbon|hover\u00a0\u00bb border_color_all_image__hover=\u00a0\u00bb#344d6c\u00a0\u00bb border_color_all_image__hover_enabled=\u00a0\u00bbon|hover\u00a0\u00bb image_icon_background_color__sticky_enabled=\u00a0\u00bb#bba07a\u00a0\u00bb image_icon_background_color__sticky=\u00a0\u00bb#bba07a\u00a0\u00bb sticky_enabled=\u00a0\u00bb0&Prime;][\/et_pb_blurb][\/et_pb_column][\/et_pb_row][\/et_pb_section][et_pb_section fb_built=\u00a0\u00bb1&Prime; admin_label=\u00a0\u00bbsection\u00a0\u00bb _builder_version=\u00a0\u00bb4.16&Prime; use_background_color_gradient=\u00a0\u00bbon\u00a0\u00bb background_color_gradient_type=\u00a0\u00bbcircular\u00a0\u00bb background_color_gradient_direction_radial=\u00a0\u00bbtop left\u00a0\u00bb background_color_gradient_stops=\u00a0\u00bb#344d6c 50%|#344d6c 50%\u00a0\u00bb background_color_gradient_start=\u00a0\u00bb#344d6c\u00a0\u00bb background_color_gradient_start_position=\u00a0\u00bb50%\u00a0\u00bb background_color_gradient_end=\u00a0\u00bb#344d6c\u00a0\u00bb background_color_gradient_end_position=\u00a0\u00bb33%\u00a0\u00bb custom_padding=\u00a0\u00bb12px||60px|||\u00a0\u00bb global_colors_info=\u00a0\u00bb{}\u00a0\u00bb][et_pb_row use_custom_gutter=\u00a0\u00bbon\u00a0\u00bb gutter_width=\u00a0\u00bb2&Prime; make_equal=\u00a0\u00bbon\u00a0\u00bb admin_label=\u00a0\u00bbrow\u00a0\u00bb _builder_version=\u00a0\u00bb4.16&Prime; background_size=\u00a0\u00bbinitial\u00a0\u00bb background_position=\u00a0\u00bbtop_left\u00a0\u00bb background_repeat=\u00a0\u00bbrepeat\u00a0\u00bb width=\u00a0\u00bb90%\u00a0\u00bb width_tablet=\u00a0\u00bb90%\u00a0\u00bb width_phone=\u00a0\u00bb90%\u00a0\u00bb width_last_edited=\u00a0\u00bbon|tablet\u00a0\u00bb max_width=\u00a0\u00bb1240px\u00a0\u00bb max_width_tablet=\u00a0\u00bb90%\u00a0\u00bb max_width_phone=\u00a0\u00bb90%\u00a0\u00bb max_width_last_edited=\u00a0\u00bbon|desktop\u00a0\u00bb custom_padding=\u00a0\u00bb19px|||||\u00a0\u00bb global_colors_info=\u00a0\u00bb{}\u00a0\u00bb][et_pb_column type=\u00a0\u00bb4_4&Prime; _builder_version=\u00a0\u00bb4.16&Prime; custom_padding=\u00a0\u00bb|||\u00a0\u00bb global_colors_info=\u00a0\u00bb{}\u00a0\u00bb custom_padding__hover=\u00a0\u00bb|||\u00a0\u00bb][\/et_pb_column][\/et_pb_row][\/et_pb_section]<\/p>\n","protected":false},"excerpt":{"rendered":"<p>Ma\u00eetre Quentin Raimbault<\/p>\n","protected":false},"author":1,"featured_media":0,"parent":0,"menu_order":0,"comment_status":"closed","ping_status":"closed","template":"","meta":{"_et_pb_use_builder":"on","_et_pb_old_content":"","_et_gb_content_width":"","footnotes":""},"class_list":["post-330","page","type-page","status-publish","hentry"],"yoast_head":"<!-- This site is optimized with the Yoast SEO plugin v27.4 - https:\/\/yoast.com\/product\/yoast-seo-wordpress\/ -->\n<title>Maitre Raimbault, votre notaire \u00e0 Aiffres - Ma\u00eetre Raimbault<\/title>\n<meta name=\"robots\" content=\"index, follow, max-snippet:-1, max-image-preview:large, max-video-preview:-1\" \/>\n<link rel=\"canonical\" href=\"https:\/\/rdv.raimbault.notaires.fr\/rairdv\/\" \/>\n<meta property=\"og:locale\" content=\"fr_FR\" \/>\n<meta property=\"og:type\" content=\"article\" \/>\n<meta property=\"og:title\" content=\"Maitre Raimbault, votre notaire \u00e0 Aiffres - Ma\u00eetre Raimbault\" \/>\n<meta property=\"og:description\" content=\"Ma\u00eetre Quentin Raimbault\" \/>\n<meta property=\"og:url\" content=\"https:\/\/rdv.raimbault.notaires.fr\/rairdv\/\" \/>\n<meta property=\"og:site_name\" content=\"Ma\u00eetre Raimbault\" \/>\n<meta property=\"article:modified_time\" content=\"2025-09-11T12:47:36+00:00\" \/>\n<meta name=\"twitter:card\" content=\"summary_large_image\" \/>\n<meta name=\"twitter:label1\" content=\"Dur\u00e9e de lecture estim\u00e9e\" \/>\n\t<meta name=\"twitter:data1\" content=\"5 minutes\" \/>\n<script type=\"application\/ld+json\" class=\"yoast-schema-graph\">{\"@context\":\"https:\\\/\\\/schema.org\",\"@graph\":[{\"@type\":\"WebPage\",\"@id\":\"https:\\\/\\\/rdv.raimbault.notaires.fr\\\/rairdv\\\/\",\"url\":\"https:\\\/\\\/rdv.raimbault.notaires.fr\\\/rairdv\\\/\",\"name\":\"Maitre Raimbault, votre notaire \u00e0 Aiffres - Ma\u00eetre Raimbault\",\"isPartOf\":{\"@id\":\"https:\\\/\\\/rdv.raimbault.notaires.fr\\\/rairdv\\\/#website\"},\"datePublished\":\"2021-02-19T07:17:38+00:00\",\"dateModified\":\"2025-09-11T12:47:36+00:00\",\"breadcrumb\":{\"@id\":\"https:\\\/\\\/rdv.raimbault.notaires.fr\\\/rairdv\\\/#breadcrumb\"},\"inLanguage\":\"fr-FR\",\"potentialAction\":[{\"@type\":\"ReadAction\",\"target\":[\"https:\\\/\\\/rdv.raimbault.notaires.fr\\\/rairdv\\\/\"]}]},{\"@type\":\"BreadcrumbList\",\"@id\":\"https:\\\/\\\/rdv.raimbault.notaires.fr\\\/rairdv\\\/#breadcrumb\",\"itemListElement\":[{\"@type\":\"ListItem\",\"position\":1,\"name\":\"Accueil\",\"item\":\"https:\\\/\\\/rdv.raimbault.notaires.fr\\\/rairdv\\\/\"},{\"@type\":\"ListItem\",\"position\":2,\"name\":\"Maitre Raimbault, votre notaire \u00e0 Aiffres\"}]},{\"@type\":\"WebSite\",\"@id\":\"https:\\\/\\\/rdv.raimbault.notaires.fr\\\/rairdv\\\/#website\",\"url\":\"https:\\\/\\\/rdv.raimbault.notaires.fr\\\/rairdv\\\/\",\"name\":\"Ma\u00eetre Raimbault\",\"description\":\"Ma\u00eetre Raimbault, votre Notaire \u00e0 Aiffres\",\"potentialAction\":[{\"@type\":\"SearchAction\",\"target\":{\"@type\":\"EntryPoint\",\"urlTemplate\":\"https:\\\/\\\/rdv.raimbault.notaires.fr\\\/rairdv\\\/?s={search_term_string}\"},\"query-input\":{\"@type\":\"PropertyValueSpecification\",\"valueRequired\":true,\"valueName\":\"search_term_string\"}}],\"inLanguage\":\"fr-FR\"}]}<\/script>\n<!-- \/ Yoast SEO plugin. -->","yoast_head_json":{"title":"Maitre Raimbault, votre notaire \u00e0 Aiffres - Ma\u00eetre Raimbault","robots":{"index":"index","follow":"follow","max-snippet":"max-snippet:-1","max-image-preview":"max-image-preview:large","max-video-preview":"max-video-preview:-1"},"canonical":"https:\/\/rdv.raimbault.notaires.fr\/rairdv\/","og_locale":"fr_FR","og_type":"article","og_title":"Maitre Raimbault, votre notaire \u00e0 Aiffres - Ma\u00eetre Raimbault","og_description":"Ma\u00eetre Quentin Raimbault","og_url":"https:\/\/rdv.raimbault.notaires.fr\/rairdv\/","og_site_name":"Ma\u00eetre Raimbault","article_modified_time":"2025-09-11T12:47:36+00:00","twitter_card":"summary_large_image","twitter_misc":{"Dur\u00e9e de lecture estim\u00e9e":"5 minutes"},"schema":{"@context":"https:\/\/schema.org","@graph":[{"@type":"WebPage","@id":"https:\/\/rdv.raimbault.notaires.fr\/rairdv\/","url":"https:\/\/rdv.raimbault.notaires.fr\/rairdv\/","name":"Maitre Raimbault, votre notaire \u00e0 Aiffres - Ma\u00eetre Raimbault","isPartOf":{"@id":"https:\/\/rdv.raimbault.notaires.fr\/rairdv\/#website"},"datePublished":"2021-02-19T07:17:38+00:00","dateModified":"2025-09-11T12:47:36+00:00","breadcrumb":{"@id":"https:\/\/rdv.raimbault.notaires.fr\/rairdv\/#breadcrumb"},"inLanguage":"fr-FR","potentialAction":[{"@type":"ReadAction","target":["https:\/\/rdv.raimbault.notaires.fr\/rairdv\/"]}]},{"@type":"BreadcrumbList","@id":"https:\/\/rdv.raimbault.notaires.fr\/rairdv\/#breadcrumb","itemListElement":[{"@type":"ListItem","position":1,"name":"Accueil","item":"https:\/\/rdv.raimbault.notaires.fr\/rairdv\/"},{"@type":"ListItem","position":2,"name":"Maitre Raimbault, votre notaire \u00e0 Aiffres"}]},{"@type":"WebSite","@id":"https:\/\/rdv.raimbault.notaires.fr\/rairdv\/#website","url":"https:\/\/rdv.raimbault.notaires.fr\/rairdv\/","name":"Ma\u00eetre Raimbault","description":"Ma\u00eetre Raimbault, votre Notaire \u00e0 Aiffres","potentialAction":[{"@type":"SearchAction","target":{"@type":"EntryPoint","urlTemplate":"https:\/\/rdv.raimbault.notaires.fr\/rairdv\/?s={search_term_string}"},"query-input":{"@type":"PropertyValueSpecification","valueRequired":true,"valueName":"search_term_string"}}],"inLanguage":"fr-FR"}]}},"_links":{"self":[{"href":"https:\/\/rdv.raimbault.notaires.fr\/rairdv\/wp-json\/wp\/v2\/pages\/330","targetHints":{"allow":["GET"]}}],"collection":[{"href":"https:\/\/rdv.raimbault.notaires.fr\/rairdv\/wp-json\/wp\/v2\/pages"}],"about":[{"href":"https:\/\/rdv.raimbault.notaires.fr\/rairdv\/wp-json\/wp\/v2\/types\/page"}],"author":[{"embeddable":true,"href":"https:\/\/rdv.raimbault.notaires.fr\/rairdv\/wp-json\/wp\/v2\/users\/1"}],"replies":[{"embeddable":true,"href":"https:\/\/rdv.raimbault.notaires.fr\/rairdv\/wp-json\/wp\/v2\/comments?post=330"}],"version-history":[{"count":31,"href":"https:\/\/rdv.raimbault.notaires.fr\/rairdv\/wp-json\/wp\/v2\/pages\/330\/revisions"}],"predecessor-version":[{"id":622,"href":"https:\/\/rdv.raimbault.notaires.fr\/rairdv\/wp-json\/wp\/v2\/pages\/330\/revisions\/622"}],"wp:attachment":[{"href":"https:\/\/rdv.raimbault.notaires.fr\/rairdv\/wp-json\/wp\/v2\/media?parent=330"}],"curies":[{"name":"wp","href":"https:\/\/api.w.org\/{rel}","templated":true}]}}